{"id":277,"date":"2020-10-20T00:24:53","date_gmt":"2020-10-20T00:24:53","guid":{"rendered":"http:\/\/bilapunkturinn.hradi.is\/?page_id=277"},"modified":"2020-11-20T17:27:55","modified_gmt":"2020-11-20T17:27:55","slug":"stadsetning","status":"publish","type":"page","link":"https:\/\/bilapunkturinn.is\/index.php\/stadsetning\/","title":{"rendered":"Hvar erum vi\u00f0"},"content":{"rendered":"<p>[et_pb_section fb_built=&#8221;1&#8243; _builder_version=&#8221;4.6.5&#8243; _module_preset=&#8221;default&#8221; background_color=&#8221;rgba(0,0,0,0)&#8221; custom_margin=&#8221;-60px||0px||false|false&#8221; custom_padding=&#8221;0px||0px|||&#8221;][et_pb_row _builder_version=&#8221;4.6.5&#8243; _module_preset=&#8221;default&#8221;][et_pb_column type=&#8221;4_4&#8243; _builder_version=&#8221;4.6.5&#8243; _module_preset=&#8221;default&#8221;][et_pb_text _builder_version=&#8221;4.6.5&#8243; _module_preset=&#8221;default&#8221; hover_enabled=&#8221;0&#8243; sticky_enabled=&#8221;0&#8243;]<\/p>\n<h2>Vi\u00f0 erum \u00ed Reykjanesb\u00e6.<\/h2>\n<p>A\u00f0eins 40m\u00edn fr\u00e1 Reykjav\u00edk<br \/>S\u00edminn okkar er 421-2235[\/et_pb_text][\/et_pb_column][\/et_pb_row][et_pb_row _builder_version=&#8221;4.6.5&#8243; _module_preset=&#8221;default&#8221;][et_pb_column type=&#8221;4_4&#8243; _builder_version=&#8221;4.6.5&#8243; _module_preset=&#8221;default&#8221;][et_pb_map address=&#8221;Gr\u00f3fin 7, Keflav\u00edk, \u00cdsland&#8221; zoom_level=&#8221;17&#8243; address_lat=&#8221;64.008826233868&#8243; address_lng=&#8221;-22.562261676691&#8243; _builder_version=&#8221;4.6.5&#8243; _module_preset=&#8221;default&#8221; child_filter_contrast=&#8221;90%&#8221; animation_style=&#8221;fade&#8221; animation_duration=&#8221;1200ms&#8221; animation_delay=&#8221;50ms&#8221;][et_pb_map_pin title=&#8221;B\u00edlapunkturinn Reykjanesb\u00e6&#8221; pin_address=&#8221;Gr\u00f3fin 7, Keflav\u00edk, \u00cdsland&#8221; zoom_level=&#8221;17&#8243; pin_address_lat=&#8221;64.008856386931&#8243; pin_address_lng=&#8221;-22.562157727509&#8243; _builder_version=&#8221;4.6.5&#8243; _module_preset=&#8221;default&#8221;]<\/p>\n<p>Gr\u00f3fin 7<\/p>\n<p>230 Reykjanesb\u00e6r<\/p>\n<p>S. 421 2235<\/p>\n<p>[\/et_pb_map_pin][\/et_pb_map][\/et_pb_column][\/et_pb_row][\/et_pb_section]<\/p>\n","protected":false},"excerpt":{"rendered":"<p>Vi\u00f0 erum \u00ed Reykjanesb\u00e6. A\u00f0eins 40m\u00edn fr\u00e1 Reykjav\u00edkS\u00edminn okkar er 421-2235Gr\u00f3fin 7 230 Reykjanesb\u00e6r S. 421 2235<\/p>\n","protected":false},"author":1,"featured_media":0,"parent":0,"menu_order":0,"comment_status":"closed","ping_status":"closed","template":"","meta":{"_et_pb_use_builder":"on","_et_pb_old_content":"","_et_gb_content_width":"","footnotes":""},"class_list":["post-277","page","type-page","status-publish","hentry"],"_links":{"self":[{"href":"https:\/\/bilapunkturinn.is\/index.php\/wp-json\/wp\/v2\/pages\/277","targetHints":{"allow":["GET"]}}],"collection":[{"href":"https:\/\/bilapunkturinn.is\/index.php\/wp-json\/wp\/v2\/pages"}],"about":[{"href":"https:\/\/bilapunkturinn.is\/index.php\/wp-json\/wp\/v2\/types\/page"}],"author":[{"embeddable":true,"href":"https:\/\/bilapunkturinn.is\/index.php\/wp-json\/wp\/v2\/users\/1"}],"replies":[{"embeddable":true,"href":"https:\/\/bilapunkturinn.is\/index.php\/wp-json\/wp\/v2\/comments?post=277"}],"version-history":[{"count":16,"href":"https:\/\/bilapunkturinn.is\/index.php\/wp-json\/wp\/v2\/pages\/277\/revisions"}],"predecessor-version":[{"id":604,"href":"https:\/\/bilapunkturinn.is\/index.php\/wp-json\/wp\/v2\/pages\/277\/revisions\/604"}],"wp:attachment":[{"href":"https:\/\/bilapunkturinn.is\/index.php\/wp-json\/wp\/v2\/media?parent=277"}],"curies":[{"name":"wp","href":"https:\/\/api.w.org\/{rel}","templated":true}]}}